{"id":7817,"date":"2025-04-13T16:19:21","date_gmt":"2025-04-13T16:19:21","guid":{"rendered":"https:\/\/x.smartdev.com\/password-reset\/"},"modified":"2025-04-13T16:19:21","modified_gmt":"2025-04-13T16:19:21","slug":"password-reset","status":"publish","type":"page","link":"https:\/\/x.smartdev.com\/fr\/password-reset\/","title":{"rendered":"R\u00e9initialisation du mot de passe"},"content":{"rendered":"<div class=\"um um-password um-um_password_id\">\n\t<div class=\"um-form\">\n\t\t<form method=\"post\" action=\"\" data-trp-original-action=\"\">\n\t\t\t\n\t\t\t\t<input type=\"hidden\" name=\"_um_password_reset\" id=\"_um_password_reset\" value=\"1\" \/>\n\n\t\t\t\t\t\t\t\t\t<div class=\"um-field um-field-block um-field-type_block\">\n\t\t\t\t\t\t<div class=\"um-field-block\">\n\t\t\t\t\t\t\t<div style=\"text-align:center;\">\n\t\t\t\t\t\t\t\tPour r\u00e9initialiser votre mot de passe, veuillez saisir votre adresse de messagerie ou votre identifiant ci-dessous.\t\t\t\t\t\t\t<\/div>\n\t\t\t\t\t\t<\/div>\n\t\t\t\t\t<\/div>\n\t\t\t\t\t<div  id=\"um_field_0_username_b\" class=\"um-field um-field-text  um-field-username_b um-field-text um-field-type_text\" data-key=\"username_b\"><div class=\"um-field-area\"><input  autocomplete=\"off\" class=\"um-form-field valid\" type=\"text\" name=\"username_b\" id=\"username_b\" value=\"\" placeholder=\"Saisissez votre identifiant ou votre e-mail\" data-validate=\"\" data-key=\"username_b\"  aria-invalid=\"false\" \/>\n\n\t\t\t\t\t\t<\/div><\/div>\t\t\t\t<div class=\"um-col-alt um-col-alt-b\">\n\t\t\t\t\t<div class=\"um-center\">\n\t\t\t\t\t\t<input type=\"submit\" value=\"R\u00e9initialiser le mot de passe\" class=\"um-button\" id=\"um-submit-btn\" \/>\n\t\t\t\t\t<\/div>\n\t\t\t\t\t<div class=\"um-clear\"><\/div>\n\t\t\t\t<\/div>\n\t\t\t\t\t<input type=\"hidden\" name=\"form_id\" id=\"form_id_um_password_id\" value=\"um_password_id\" \/>\n\t\t<p class=\"um_request_name\">\n\t\t<label for=\"um_request_um_password_id\">Remplissez uniquement si vous n&#039;\u00eates pas humain<\/label>\n\t\t<input type=\"hidden\" name=\"um_request\" id=\"um_request_um_password_id\" class=\"input\" value=\"\" size=\"25\" autocomplete=\"off\" \/>\n\t<\/p>\n\t\t\t<input type=\"hidden\" name=\"trp-form-language\" value=\"fr\"\/><\/form>\n\t<\/div>\n<\/div>\n<style>\n\t\t\t.um-um_password_id.um {\n\t\t\tmax-width: 450px;\n\t\t}\n\t\t<\/style>","protected":false},"excerpt":{"rendered":"Pour r\u00e9initialiser votre mot de passe, veuillez saisir votre adresse de messagerie ou votre identifiant...","protected":false},"author":12,"featured_media":0,"parent":0,"menu_order":0,"comment_status":"closed","ping_status":"closed","template":"","meta":{"inline_featured_image":false,"footnotes":""},"class_list":["post-7817","page","type-page","status-publish"],"acf":[],"yoast_head":"<!-- This site is optimized with the Yoast SEO plugin v27.3 - https:\/\/yoast.com\/product\/yoast-seo-wordpress\/ -->\n<title>Password Reset - X SmartDev<\/title>\n<meta name=\"robots\" content=\"index, follow, max-snippet:-1, max-image-preview:large, max-video-preview:-1\" \/>\n<link rel=\"canonical\" href=\"https:\/\/x.smartdev.com\/fr\/password-reset\/\" \/>\n<meta property=\"og:locale\" content=\"fr_FR\" \/>\n<meta property=\"og:type\" content=\"article\" \/>\n<meta property=\"og:title\" content=\"Password Reset - X SmartDev\" \/>\n<meta property=\"og:url\" content=\"https:\/\/x.smartdev.com\/fr\/password-reset\/\" \/>\n<meta property=\"og:site_name\" content=\"X SmartDev\" \/>\n<meta name=\"twitter:card\" content=\"summary_large_image\" \/>\n<script type=\"application\/ld+json\" class=\"yoast-schema-graph\">{\"@context\":\"https:\\\/\\\/schema.org\",\"@graph\":[{\"@type\":\"WebPage\",\"@id\":\"https:\\\/\\\/x.smartdev.com\\\/fr\\\/password-reset\\\/\",\"url\":\"https:\\\/\\\/x.smartdev.com\\\/fr\\\/password-reset\\\/\",\"name\":\"Password Reset - X SmartDev\",\"isPartOf\":{\"@id\":\"https:\\\/\\\/x.smartdev.com\\\/fr\\\/#website\"},\"datePublished\":\"2025-04-13T16:19:21+00:00\",\"breadcrumb\":{\"@id\":\"https:\\\/\\\/x.smartdev.com\\\/fr\\\/password-reset\\\/#breadcrumb\"},\"inLanguage\":\"fr-FR\",\"potentialAction\":[{\"@type\":\"ReadAction\",\"target\":[\"https:\\\/\\\/x.smartdev.com\\\/fr\\\/password-reset\\\/\"]}]},{\"@type\":\"BreadcrumbList\",\"@id\":\"https:\\\/\\\/x.smartdev.com\\\/fr\\\/password-reset\\\/#breadcrumb\",\"itemListElement\":[{\"@type\":\"ListItem\",\"position\":1,\"name\":\"Home\",\"item\":\"https:\\\/\\\/x.smartdev.com\\\/\"},{\"@type\":\"ListItem\",\"position\":2,\"name\":\"Password Reset\"}]},{\"@type\":\"WebSite\",\"@id\":\"https:\\\/\\\/x.smartdev.com\\\/fr\\\/#website\",\"url\":\"https:\\\/\\\/x.smartdev.com\\\/fr\\\/\",\"name\":\"X SmartDev\",\"description\":\"Where Innovation Meets Reliability\",\"potentialAction\":[{\"@type\":\"SearchAction\",\"target\":{\"@type\":\"EntryPoint\",\"urlTemplate\":\"https:\\\/\\\/x.smartdev.com\\\/fr\\\/?s={search_term_string}\"},\"query-input\":{\"@type\":\"PropertyValueSpecification\",\"valueRequired\":true,\"valueName\":\"search_term_string\"}}],\"inLanguage\":\"fr-FR\"}]}<\/script>\n<!-- \/ Yoast SEO plugin. -->","yoast_head_json":{"title":"R\u00e9initialisation du mot de passe - X SmartDev","robots":{"index":"index","follow":"follow","max-snippet":"max-snippet:-1","max-image-preview":"max-image-preview:large","max-video-preview":"max-video-preview:-1"},"canonical":"https:\/\/x.smartdev.com\/fr\/password-reset\/","og_locale":"fr_FR","og_type":"article","og_title":"Password Reset - X SmartDev","og_url":"https:\/\/x.smartdev.com\/fr\/password-reset\/","og_site_name":"X SmartDev","twitter_card":"summary_large_image","schema":{"@context":"https:\/\/schema.org","@graph":[{"@type":"WebPage","@id":"https:\/\/x.smartdev.com\/fr\/password-reset\/","url":"https:\/\/x.smartdev.com\/fr\/password-reset\/","name":"R\u00e9initialisation du mot de passe - X SmartDev","isPartOf":{"@id":"https:\/\/x.smartdev.com\/fr\/#website"},"datePublished":"2025-04-13T16:19:21+00:00","breadcrumb":{"@id":"https:\/\/x.smartdev.com\/fr\/password-reset\/#breadcrumb"},"inLanguage":"fr-FR","potentialAction":[{"@type":"ReadAction","target":["https:\/\/x.smartdev.com\/fr\/password-reset\/"]}]},{"@type":"BreadcrumbList","@id":"https:\/\/x.smartdev.com\/fr\/password-reset\/#breadcrumb","itemListElement":[{"@type":"ListItem","position":1,"name":"Home","item":"https:\/\/x.smartdev.com\/"},{"@type":"ListItem","position":2,"name":"Password Reset"}]},{"@type":"WebSite","@id":"https:\/\/x.smartdev.com\/fr\/#website","url":"https:\/\/x.smartdev.com\/fr\/","name":"X SmartDev","description":"L\u00e0 o\u00f9 l&#039;innovation rencontre la fiabilit\u00e9","potentialAction":[{"@type":"SearchAction","target":{"@type":"EntryPoint","urlTemplate":"https:\/\/x.smartdev.com\/fr\/?s={search_term_string}"},"query-input":{"@type":"PropertyValueSpecification","valueRequired":true,"valueName":"search_term_string"}}],"inLanguage":"fr-FR"}]}},"_links":{"self":[{"href":"https:\/\/x.smartdev.com\/fr\/wp-json\/wp\/v2\/pages\/7817","targetHints":{"allow":["GET"]}}],"collection":[{"href":"https:\/\/x.smartdev.com\/fr\/wp-json\/wp\/v2\/pages"}],"about":[{"href":"https:\/\/x.smartdev.com\/fr\/wp-json\/wp\/v2\/types\/page"}],"author":[{"embeddable":true,"href":"https:\/\/x.smartdev.com\/fr\/wp-json\/wp\/v2\/users\/12"}],"replies":[{"embeddable":true,"href":"https:\/\/x.smartdev.com\/fr\/wp-json\/wp\/v2\/comments?post=7817"}],"version-history":[{"count":0,"href":"https:\/\/x.smartdev.com\/fr\/wp-json\/wp\/v2\/pages\/7817\/revisions"}],"wp:attachment":[{"href":"https:\/\/x.smartdev.com\/fr\/wp-json\/wp\/v2\/media?parent=7817"}],"curies":[{"name":"wp","href":"https:\/\/api.w.org\/{rel}","templated":true}]}}